{"id":599,"date":"2020-05-30T17:25:04","date_gmt":"2020-05-30T14:25:04","guid":{"rendered":"https:\/\/www.brutarialion.ro\/?page_id=599"},"modified":"2025-06-26T22:03:12","modified_gmt":"2025-06-26T19:03:12","slug":"home-2","status":"publish","type":"page","link":"https:\/\/www.brutarialion.ro\/hu\/","title":{"rendered":"Home"},"content":{"rendered":"<div id=\"pl-599\"  class=\"panel-layout\" ><div id=\"pg-599-0\"  class=\"panel-grid panel-no-style\" ><div id=\"pgc-599-0-0\"  class=\"panel-grid-cell\" ><\/div><\/div><div id=\"pg-599-1\"  class=\"panel-grid panel-has-style\" ><div class=\"siteorigin-panels-stretch panel-row-style panel-row-style-for-599-1\" data-stretch-type=\"full\" ><div id=\"pgc-599-1-0\"  class=\"panel-grid-cell\" ><div id=\"panel-599-1-0-0\" class=\"so-panel widget widget_sow-image panel-first-child panel-last-child\" data-index=\"1\" ><div\n\t\t\t\n\t\t\tclass=\"so-widget-sow-image so-widget-sow-image-default-8b5b6f678277-599\"\n\t\t\t\n\t\t>\n<div class=\"sow-image-container\">\n\t\t<img \n\tsrc=\"https:\/\/www.brutarialion.ro\/wp-content\/uploads\/2020\/05\/Download-Bread-PNG-8.png\" width=\"600\" height=\"380\" srcset=\"https:\/\/www.brutarialion.ro\/wp-content\/uploads\/2020\/05\/Download-Bread-PNG-8.png 600w, https:\/\/www.brutarialion.ro\/wp-content\/uploads\/2020\/05\/Download-Bread-PNG-8-300x190.png 300w, https:\/\/www.brutarialion.ro\/wp-content\/uploads\/2020\/05\/Download-Bread-PNG-8-24x15.png 24w, https:\/\/www.brutarialion.ro\/wp-content\/uploads\/2020\/05\/Download-Bread-PNG-8-36x23.png 36w, https:\/\/www.brutarialion.ro\/wp-content\/uploads\/2020\/05\/Download-Bread-PNG-8-48x30.png 48w\" sizes=\"(max-width: 600px) 100vw, 600px\" alt=\"\" \t\tclass=\"so-widget-image\"\/>\n\t<\/div>\n\n<\/div><\/div><\/div><div id=\"pgc-599-1-1\"  class=\"panel-grid-cell\" ><div id=\"panel-599-1-1-0\" class=\"so-panel widget widget_sow-editor panel-first-child\" data-index=\"2\" ><div class=\"panel-widget-style panel-widget-style-for-599-1-1-0\" ><div\n\t\t\t\n\t\t\tclass=\"so-widget-sow-editor so-widget-sow-editor-base\"\n\t\t\t\n\t\t>\n<div class=\"siteorigin-widget-tinymce textwidget\">\n\t<h1><strong>A P\u00c9KS\u00c9G\u00dcNK<\/strong><\/h1>\n<em>A Lion p\u00e9ks\u00e9g 1997-ben indult el. C\u00e9g\u00fcnk egy csal\u00e1di v\u00e1llalkoz\u00e1s, mindenek el\u0151tt k\u00e9t alapelvet k\u00f6vet\u00fcnk: frissess\u00e9g \u00e9s hagyom\u00e1ny! A Kov\u00e1szna megyei p\u00e9ks\u00e9gben a legjobb min\u0151s\u00e9g\u00fc h\u00e1zi kenyeret tal\u00e1lj\u00e1k, ami sz\u00edvvel l\u00e9lekkel \u00e9s legnagyobb odaad\u00e1ssal k\u00e9sz\u00edt\u00fcnk.<\/em><\/div>\n<\/div><\/div><\/div><div id=\"panel-599-1-1-1\" class=\"so-panel widget widget_sow-button panel-last-child\" data-index=\"3\" ><div\n\t\t\t\n\t\t\tclass=\"so-widget-sow-button so-widget-sow-button-wire-d157aa4bab72-599\"\n\t\t\t\n\t\t><div class=\"ow-button-base ow-button-align-left\"\n>\n\t\t\t<a\n\t\t\t\t\thref=\"\/hu\/despre\/\"\n\t\t\t\t\tclass=\"sowb-button ow-icon-placement-left ow-button-hover\" \t>\n\t\t<span>\n\t\t\t\n\t\t\tTUDJON MEG T\u00d6BBET\t\t<\/span>\n\t\t\t<\/a>\n\t<\/div>\n<\/div><\/div><\/div><\/div><\/div><div id=\"pg-599-2\"  class=\"panel-grid panel-has-style\" ><div class=\"siteorigin-panels-stretch panel-row-style panel-row-style-for-599-2\" data-stretch-type=\"full\" ><div id=\"pgc-599-2-0\"  class=\"panel-grid-cell\" ><div id=\"panel-599-2-0-0\" class=\"so-panel widget widget_sow-editor panel-first-child\" data-index=\"4\" ><div\n\t\t\t\n\t\t\tclass=\"so-widget-sow-editor so-widget-sow-editor-base\"\n\t\t\t\n\t\t>\n<div class=\"siteorigin-widget-tinymce textwidget\">\n\t<h1><strong><span style=\"color: #ffffff;\">H\u00c1ZI KENY\u00c9R<\/span><\/strong><\/h1>\n<em><span style=\"color: #ffffff;\">A Lion P\u00e9ks\u00e9g t\u00f6bb t\u00edpus\u00fa kenyeret k\u00edn\u00e1l. Mind nagy odafigyel\u00e9ssel k\u00e9sz\u00fcl. T\u00f6bb m\u00e9retben s\u00fctj\u00fck a kenyereinket, de esetenk\u00e9nt a liszt is v\u00e1ltozik. P\u00e9ks\u00e9g\u00fcnk term\u00e9keit megtal\u00e1lj\u00e1k Kov\u00e1szn\u00e1n a legt\u00f6bb \u00fczletben, valamint Brass\u00f3ban a Nico&amp;Cris Family Services \u00fczletben ami a Bartolomeu negyedben tal\u00e1lhat\u00f3 a Ioan Bogdan utca 19 sz\u00e1m alatt. Hamarosan m\u00e9g t\u00f6bb \u00fczletben!<\/span><\/em><\/div>\n<\/div><\/div><div id=\"panel-599-2-0-1\" class=\"so-panel widget widget_sow-button panel-last-child\" data-index=\"5\" ><div\n\t\t\t\n\t\t\tclass=\"so-widget-sow-button so-widget-sow-button-wire-739532b43188-599\"\n\t\t\t\n\t\t><div class=\"ow-button-base ow-button-align-left\"\n>\n\t\t\t<a\n\t\t\t\t\thref=\"\/hu\/produse\/\"\n\t\t\t\t\tclass=\"sowb-button ow-icon-placement-left ow-button-hover\" \t>\n\t\t<span>\n\t\t\t\n\t\t\tTERM\u00c9KEK\t\t<\/span>\n\t\t\t<\/a>\n\t<\/div>\n<\/div><\/div><\/div><div id=\"pgc-599-2-1\"  class=\"panel-grid-cell\" ><div id=\"panel-599-2-1-0\" class=\"so-panel widget widget_sow-image panel-first-child panel-last-child\" data-index=\"6\" ><div\n\t\t\t\n\t\t\tclass=\"so-widget-sow-image so-widget-sow-image-default-8b5b6f678277-599\"\n\t\t\t\n\t\t>\n<div class=\"sow-image-container\">\n\t\t<img \n\tsrc=\"https:\/\/www.brutarialion.ro\/wp-content\/uploads\/2018\/03\/sutes-e1590768826950.jpg\" width=\"500\" height=\"400\" srcset=\"https:\/\/www.brutarialion.ro\/wp-content\/uploads\/2018\/03\/sutes-e1590768826950.jpg 500w, https:\/\/www.brutarialion.ro\/wp-content\/uploads\/2018\/03\/sutes-e1590768826950-300x240.jpg 300w, https:\/\/www.brutarialion.ro\/wp-content\/uploads\/2018\/03\/sutes-e1590768826950-24x19.jpg 24w, https:\/\/www.brutarialion.ro\/wp-content\/uploads\/2018\/03\/sutes-e1590768826950-36x29.jpg 36w, https:\/\/www.brutarialion.ro\/wp-content\/uploads\/2018\/03\/sutes-e1590768826950-48x38.jpg 48w\" sizes=\"(max-width: 500px) 100vw, 500px\" title=\"sutes\" alt=\"\" \t\tclass=\"so-widget-image\"\/>\n\t<\/div>\n\n<\/div><\/div><\/div><\/div><\/div><div id=\"pg-599-3\"  class=\"panel-grid panel-has-style\" ><div class=\"siteorigin-panels-stretch panel-row-style panel-row-style-for-599-3\" data-stretch-type=\"full\" ><div id=\"pgc-599-3-0\"  class=\"panel-grid-cell\" ><div id=\"panel-599-3-0-0\" class=\"so-panel widget widget_sow-image panel-first-child panel-last-child\" data-index=\"7\" ><div\n\t\t\t\n\t\t\tclass=\"so-widget-sow-image so-widget-sow-image-default-8b5b6f678277-599\"\n\t\t\t\n\t\t>\n<div class=\"sow-image-container\">\n\t\t<img \n\tsrc=\"https:\/\/www.brutarialion.ro\/wp-content\/uploads\/2020\/05\/lion.png\" width=\"640\" height=\"480\" srcset=\"https:\/\/www.brutarialion.ro\/wp-content\/uploads\/2020\/05\/lion.png 640w, https:\/\/www.brutarialion.ro\/wp-content\/uploads\/2020\/05\/lion-300x225.png 300w, https:\/\/www.brutarialion.ro\/wp-content\/uploads\/2020\/05\/lion-24x18.png 24w, https:\/\/www.brutarialion.ro\/wp-content\/uploads\/2020\/05\/lion-36x27.png 36w, https:\/\/www.brutarialion.ro\/wp-content\/uploads\/2020\/05\/lion-48x36.png 48w\" sizes=\"(max-width: 640px) 100vw, 640px\" alt=\"\" \t\tclass=\"so-widget-image\"\/>\n\t<\/div>\n\n<\/div><\/div><\/div><div id=\"pgc-599-3-1\"  class=\"panel-grid-cell\" ><div id=\"panel-599-3-1-0\" class=\"so-panel widget widget_sow-editor panel-first-child\" data-index=\"8\" ><div\n\t\t\t\n\t\t\tclass=\"so-widget-sow-editor so-widget-sow-editor-base\"\n\t\t\t\n\t\t>\n<div class=\"siteorigin-widget-tinymce textwidget\">\n\t<h1><strong><span style=\"color: #000000;\">INFORM\u00c1CI\u00d3K<\/span><\/strong><\/h1>\n<em><span style=\"color: #333333;\">ha b\u00e1rmilyen k\u00e9rd\u00e9s\u00fck van, vagy \u00e9rdekl\u0151dni szeretn\u00e9nek a szolg\u00e1ltat\u00e1sainkr\u00f3l ne habozzanak megkeresni. Email-en vagy telefonon is el\u00e9rhet\u0151ek vagyunk, de megkereshetnek a kov\u00e1sznai sz\u00e9khely\u00fcnk\u00f6n is.<\/span><\/em><\/div>\n<\/div><\/div><div id=\"panel-599-3-1-1\" class=\"so-panel widget widget_sow-button panel-last-child\" data-index=\"9\" ><div\n\t\t\t\n\t\t\tclass=\"so-widget-sow-button so-widget-sow-button-wire-d157aa4bab72-599\"\n\t\t\t\n\t\t><div class=\"ow-button-base ow-button-align-left\"\n>\n\t\t\t<a\n\t\t\t\t\thref=\"\/hu\/contact\/\"\n\t\t\t\t\tclass=\"sowb-button ow-icon-placement-left ow-button-hover\" \t>\n\t\t<span>\n\t\t\t\n\t\t\tKONTAKT\t\t<\/span>\n\t\t\t<\/a>\n\t<\/div>\n<\/div><\/div><\/div><\/div><\/div><div id=\"pg-599-4\"  class=\"panel-grid panel-has-style\" ><div class=\"siteorigin-panels-stretch panel-row-style panel-row-style-for-599-4\" data-stretch-type=\"full\" ><div id=\"pgc-599-4-0\"  class=\"panel-grid-cell\" ><div id=\"panel-599-4-0-0\" class=\"so-panel widget widget_sow-editor panel-first-child\" data-index=\"10\" ><div\n\t\t\t\n\t\t\tclass=\"so-widget-sow-editor so-widget-sow-editor-base\"\n\t\t\t\n\t\t>\n<div class=\"siteorigin-widget-tinymce textwidget\">\n\t<h1><span style=\"color: #ffffff;\">A CSAPATUNK<\/span><\/h1>\n<em><span style=\"color: #ffffff;\">A Lion P\u00e9ks\u00e9gben j\u00f3l felk\u00e9sz\u00edtett csapat dolgozik, olyan emberek akik nap mint nap odaad\u00e1ssal \u00e9s lelkesed\u00e9ssel s\u00fctik kenyereinket. Csapatunk mindig nyitott, hogy \u00faj, modern megold\u00e1sokat saj\u00e1t\u00edtson el, viszont a f\u0151 c\u00e9lunk, hogy meg\u0151rizz\u00fck a hagyom\u00e1nyokat.<\/span><\/em><\/div>\n<\/div><\/div><div id=\"panel-599-4-0-1\" class=\"so-panel widget widget_sow-button panel-last-child\" data-index=\"11\" ><div\n\t\t\t\n\t\t\tclass=\"so-widget-sow-button so-widget-sow-button-wire-739532b43188-599\"\n\t\t\t\n\t\t><div class=\"ow-button-base ow-button-align-left\"\n>\n\t\t\t<a\n\t\t\t\t\thref=\"\/hu\/despre\/\"\n\t\t\t\t\tclass=\"sowb-button ow-icon-placement-left ow-button-hover\" \t>\n\t\t<span>\n\t\t\t\n\t\t\tR\u00d3LUNK\t\t<\/span>\n\t\t\t<\/a>\n\t<\/div>\n<\/div><\/div><\/div><div id=\"pgc-599-4-1\"  class=\"panel-grid-cell\" ><div id=\"panel-599-4-1-0\" class=\"so-panel widget widget_sow-image panel-first-child panel-last-child\" data-index=\"12\" ><div\n\t\t\t\n\t\t\tclass=\"so-widget-sow-image so-widget-sow-image-default-8b5b6f678277-599\"\n\t\t\t\n\t\t>\n<div class=\"sow-image-container\">\n\t\t<img \n\tsrc=\"https:\/\/www.brutarialion.ro\/wp-content\/uploads\/2020\/05\/57e7d043435aab14f6d1867dda79307f1137c3e45658714e722f73d695_1920.jpg\" width=\"1920\" height=\"1280\" srcset=\"https:\/\/www.brutarialion.ro\/wp-content\/uploads\/2020\/05\/57e7d043435aab14f6d1867dda79307f1137c3e45658714e722f73d695_1920.jpg 1920w, https:\/\/www.brutarialion.ro\/wp-content\/uploads\/2020\/05\/57e7d043435aab14f6d1867dda79307f1137c3e45658714e722f73d695_1920-300x200.jpg 300w, https:\/\/www.brutarialion.ro\/wp-content\/uploads\/2020\/05\/57e7d043435aab14f6d1867dda79307f1137c3e45658714e722f73d695_1920-768x512.jpg 768w, https:\/\/www.brutarialion.ro\/wp-content\/uploads\/2020\/05\/57e7d043435aab14f6d1867dda79307f1137c3e45658714e722f73d695_1920-1024x683.jpg 1024w, https:\/\/www.brutarialion.ro\/wp-content\/uploads\/2020\/05\/57e7d043435aab14f6d1867dda79307f1137c3e45658714e722f73d695_1920-24x16.jpg 24w, https:\/\/www.brutarialion.ro\/wp-content\/uploads\/2020\/05\/57e7d043435aab14f6d1867dda79307f1137c3e45658714e722f73d695_1920-36x24.jpg 36w, https:\/\/www.brutarialion.ro\/wp-content\/uploads\/2020\/05\/57e7d043435aab14f6d1867dda79307f1137c3e45658714e722f73d695_1920-48x32.jpg 48w, https:\/\/www.brutarialion.ro\/wp-content\/uploads\/2020\/05\/57e7d043435aab14f6d1867dda79307f1137c3e45658714e722f73d695_1920-272x182.jpg 272w\" sizes=\"(max-width: 1920px) 100vw, 1920px\" alt=\"\" \t\tclass=\"so-widget-image\"\/>\n\t<\/div>\n\n<\/div><\/div><\/div><\/div><\/div><div id=\"pg-599-5\"  class=\"panel-grid panel-has-style\" ><div class=\"siteorigin-panels-stretch panel-row-style panel-row-style-for-599-5\" data-stretch-type=\"full\" ><div id=\"pgc-599-5-0\"  class=\"panel-grid-cell\" ><div id=\"panel-599-5-0-0\" class=\"so-panel widget widget_sow-image panel-first-child panel-last-child\" data-index=\"13\" ><div\n\t\t\t\n\t\t\tclass=\"so-widget-sow-image so-widget-sow-image-default-8b5b6f678277-599\"\n\t\t\t\n\t\t>\n<div class=\"sow-image-container\">\n\t\t<img \n\tsrc=\"https:\/\/www.brutarialion.ro\/wp-content\/uploads\/2025\/06\/bread.png\" width=\"512\" height=\"512\" srcset=\"https:\/\/www.brutarialion.ro\/wp-content\/uploads\/2025\/06\/bread.png 512w, https:\/\/www.brutarialion.ro\/wp-content\/uploads\/2025\/06\/bread-300x300.png 300w, https:\/\/www.brutarialion.ro\/wp-content\/uploads\/2025\/06\/bread-150x150.png 150w, https:\/\/www.brutarialion.ro\/wp-content\/uploads\/2025\/06\/bread-12x12.png 12w, https:\/\/www.brutarialion.ro\/wp-content\/uploads\/2025\/06\/bread-280x280.png 280w, https:\/\/www.brutarialion.ro\/wp-content\/uploads\/2025\/06\/bread-100x100.png 100w, https:\/\/www.brutarialion.ro\/wp-content\/uploads\/2025\/06\/bread-200x200.png 200w\" sizes=\"(max-width: 512px) 100vw, 512px\" alt=\"\" \t\tclass=\"so-widget-image\"\/>\n\t<\/div>\n\n<\/div><\/div><\/div><div id=\"pgc-599-5-1\"  class=\"panel-grid-cell\" ><div id=\"panel-599-5-1-0\" class=\"so-panel widget widget_sow-editor panel-first-child\" data-index=\"14\" ><div\n\t\t\t\n\t\t\tclass=\"so-widget-sow-editor so-widget-sow-editor-base\"\n\t\t\t\n\t\t>\n<div class=\"siteorigin-widget-tinymce textwidget\">\n\t<h1><strong><span style=\"color: #000000;\">RENDEL\u00c9SEK<\/span><\/strong><\/h1>\n<em><span style=\"color: #333333;\">Fogadunk rendel\u00e9seket esk\u00fcv\u0151kre \u00e9s keresztel\u0151kre. Tov\u00e1bbi inform\u00e1ci\u00f3k\u00e9rt \u00e1llunk a rendelkez\u00e9s\u00fckre, keressenek e-mailen, telefonon vagy haszn\u00e1lj\u00e1k weboldalunkon tal\u00e1lhat\u00f3 kapcsolat felv\u00e9teli \u0171rlapot. V\u00e1rjuk k\u00e9rd\u00e9seiket.<\/span><\/em><\/div>\n<\/div><\/div><div id=\"panel-599-5-1-1\" class=\"so-panel widget widget_sow-button panel-last-child\" data-index=\"15\" ><div\n\t\t\t\n\t\t\tclass=\"so-widget-sow-button so-widget-sow-button-wire-2cfc30c770ff-599\"\n\t\t\t\n\t\t><div class=\"ow-button-base ow-button-align-left\"\n>\n\t\t\t<a\n\t\t\t\t\thref=\"\/hu\/contact\/\"\n\t\t\t\t\tclass=\"sowb-button ow-icon-placement-left ow-button-hover\" \t>\n\t\t<span>\n\t\t\t\n\t\t\tKONTAKT\t\t<\/span>\n\t\t\t<\/a>\n\t<\/div>\n<\/div><\/div><\/div><\/div><\/div><div id=\"pg-599-6\"  class=\"panel-grid panel-has-style\" ><div class=\"siteorigin-panels-stretch panel-row-style panel-row-style-for-599-6\" data-stretch-type=\"full\" ><div id=\"pgc-599-6-0\"  class=\"panel-grid-cell\" ><div id=\"panel-599-6-0-0\" class=\"so-panel widget widget_sow-social-media-buttons panel-first-child panel-last-child\" data-index=\"16\" ><div\n\t\t\t\n\t\t\tclass=\"so-widget-sow-social-media-buttons so-widget-sow-social-media-buttons-wire-e4fa8ac053f5-599\"\n\t\t\t\n\t\t>\n\n<div class=\"social-media-button-container\">\n\t\n\t\t<a \n\t\tclass=\"ow-button-hover sow-social-media-button-facebook-0 sow-social-media-button\" title=\" on Facebook\" aria-label=\" on Facebook\" target=\"_blank\" rel=\"noopener noreferrer\" href=\"https:\/\/www.facebook.com\/LionSRL\" \t\t>\n\t\t\t<span>\n\t\t\t\t\t\t\t\t<span class=\"sow-icon-fontawesome sow-fab\" data-sow-icon=\"&#xf39e;\"\n\t\t \n\t\taria-hidden=\"true\"><\/span>\t\t\t\t\t\t\t<\/span>\n\t\t<\/a>\n\t\n\t\t<a \n\t\tclass=\"ow-button-hover sow-social-media-button-instagram-0 sow-social-media-button\" title=\" on Instagram\" aria-label=\" on Instagram\" target=\"_blank\" rel=\"noopener noreferrer\" href=\"https:\/\/www.instagram.com\/brutarialionpekseg\/\" \t\t>\n\t\t\t<span>\n\t\t\t\t\t\t\t\t<span class=\"sow-icon-fontawesome sow-fab\" data-sow-icon=\"&#xf16d;\"\n\t\t \n\t\taria-hidden=\"true\"><\/span>\t\t\t\t\t\t\t<\/span>\n\t\t<\/a>\n\t\n\t\t<a \n\t\tclass=\"ow-button-hover sow-social-media-button-linkedin-0 sow-social-media-button\" title=\" on Linkedin\" aria-label=\" on Linkedin\" target=\"_blank\" rel=\"noopener noreferrer\" href=\"https:\/\/www.linkedin.com\/in\/g%C3%A1l-zsolt-94bbb2133\/\" \t\t>\n\t\t\t<span>\n\t\t\t\t\t\t\t\t<span class=\"sow-icon-fontawesome sow-fab\" data-sow-icon=\"&#xf0e1;\"\n\t\t \n\t\taria-hidden=\"true\"><\/span>\t\t\t\t\t\t\t<\/span>\n\t\t<\/a>\n\t<\/div>\n<\/div><\/div><\/div><\/div><\/div><\/div>","protected":false},"excerpt":{"rendered":"<p>BRUT\u0102RIA NOASTR\u0102: Brut\u0103ria Lion a fost fondat \u020bn 1997. Aceast\u0103 firm\u0103 este o \u00eentreprindere de familie. Avem dou\u0103 criterii importante: prospe\u021bimea \u0219i tradi\u021bia. La Brut\u0103ria Lion g\u0103si\u021bi&hellip; <span class=\"read-more\"><a class=\"more-link\" href=\"https:\/\/www.brutarialion.ro\/hu\/\" rel=\"bookmark\">Read more <span class=\"screen-reader-text\">&#8222;Home&#8221;<\/span><\/a><\/span><\/p>","protected":false},"author":1,"featured_media":706,"parent":0,"menu_order":0,"comment_status":"closed","ping_status":"closed","template":"","meta":{"footnotes":""},"class_list":["post-599","page","type-page","status-publish","has-post-thumbnail","hentry"],"jetpack_sharing_enabled":true,"_links":{"self":[{"href":"https:\/\/www.brutarialion.ro\/hu\/wp-json\/wp\/v2\/pages\/599","targetHints":{"allow":["GET"]}}],"collection":[{"href":"https:\/\/www.brutarialion.ro\/hu\/wp-json\/wp\/v2\/pages"}],"about":[{"href":"https:\/\/www.brutarialion.ro\/hu\/wp-json\/wp\/v2\/types\/page"}],"author":[{"embeddable":true,"href":"https:\/\/www.brutarialion.ro\/hu\/wp-json\/wp\/v2\/users\/1"}],"replies":[{"embeddable":true,"href":"https:\/\/www.brutarialion.ro\/hu\/wp-json\/wp\/v2\/comments?post=599"}],"version-history":[{"count":7,"href":"https:\/\/www.brutarialion.ro\/hu\/wp-json\/wp\/v2\/pages\/599\/revisions"}],"predecessor-version":[{"id":796,"href":"https:\/\/www.brutarialion.ro\/hu\/wp-json\/wp\/v2\/pages\/599\/revisions\/796"}],"wp:featuredmedia":[{"embeddable":true,"href":"https:\/\/www.brutarialion.ro\/hu\/wp-json\/wp\/v2\/media\/706"}],"wp:attachment":[{"href":"https:\/\/www.brutarialion.ro\/hu\/wp-json\/wp\/v2\/media?parent=599"}],"curies":[{"name":"wp","href":"https:\/\/api.w.org\/{rel}","templated":true}]}}