{"id":39,"date":"2018-03-08T17:23:24","date_gmt":"2018-03-08T17:23:24","guid":{"rendered":"http:\/\/www.testwp.local\/?page_id=39"},"modified":"2025-06-21T20:14:47","modified_gmt":"2025-06-21T17:14:47","slug":"produse","status":"publish","type":"page","link":"https:\/\/www.brutarialion.ro\/hu\/produse\/","title":{"rendered":"Term\u00e9kek"},"content":{"rendered":"<div id=\"pl-39\"  class=\"panel-layout\" ><div id=\"pg-39-0\"  class=\"panel-grid panel-no-style\" ><div id=\"pgc-39-0-0\"  class=\"panel-grid-cell\" ><div id=\"panel-39-0-0-0\" class=\"so-panel widget widget_sow-editor panel-first-child panel-last-child\" data-index=\"0\" ><div class=\"panel-widget-style panel-widget-style-for-39-0-0-0\" ><div\n\t\t\t\n\t\t\tclass=\"so-widget-sow-editor so-widget-sow-editor-base\"\n\t\t\t\n\t\t>\n<div class=\"siteorigin-widget-tinymce textwidget\">\n\t<h3><strong>A term\u00e9keink hagyom\u00e1nyos f\u00e1s kemenc\u00e9ben s\u00fclnek, a hagyom\u00e1nyos recept alapj\u00e1n:<\/strong><\/h3>\n<\/div>\n<\/div><\/div><\/div><\/div><\/div><div id=\"pg-39-1\"  class=\"panel-grid panel-no-style\" ><div id=\"pgc-39-1-0\"  class=\"panel-grid-cell\" ><div id=\"panel-39-1-0-0\" class=\"so-panel widget widget_text panel-first-child panel-last-child\" data-index=\"1\" >\t\t\t<div class=\"textwidget\"><h2><strong>H\u00e1zi pityok\u00e1s kenyereink:<\/strong><strong>:<\/strong><\/h2>\n<\/div>\n\t\t<\/div><\/div><\/div><div id=\"pg-39-2\"  class=\"panel-grid panel-has-style\" ><div class=\"bordered panel-row-style panel-row-style-for-39-2\" ><div id=\"pgc-39-2-0\"  class=\"panel-grid-cell\" ><div id=\"panel-39-2-0-0\" class=\"so-panel widget widget_media_image panel-first-child panel-last-child\" data-index=\"2\" ><img loading=\"lazy\" decoding=\"async\" width=\"775\" height=\"517\" src=\"https:\/\/www.brutarialion.ro\/wp-content\/uploads\/2018\/04\/Pixels-from-Piliske-27-1024x683.jpg\" class=\"image wp-image-265  attachment-large size-large\" alt=\"\" style=\"max-width: 100%; height: auto;\" srcset=\"https:\/\/www.brutarialion.ro\/wp-content\/uploads\/2018\/04\/Pixels-from-Piliske-27-1024x683.jpg 1024w, https:\/\/www.brutarialion.ro\/wp-content\/uploads\/2018\/04\/Pixels-from-Piliske-27-350x233.jpg 350w, https:\/\/www.brutarialion.ro\/wp-content\/uploads\/2018\/04\/Pixels-from-Piliske-27-300x200.jpg 300w, https:\/\/www.brutarialion.ro\/wp-content\/uploads\/2018\/04\/Pixels-from-Piliske-27-768x512.jpg 768w, https:\/\/www.brutarialion.ro\/wp-content\/uploads\/2018\/04\/Pixels-from-Piliske-27-24x16.jpg 24w, https:\/\/www.brutarialion.ro\/wp-content\/uploads\/2018\/04\/Pixels-from-Piliske-27-36x24.jpg 36w, https:\/\/www.brutarialion.ro\/wp-content\/uploads\/2018\/04\/Pixels-from-Piliske-27-48x32.jpg 48w, https:\/\/www.brutarialion.ro\/wp-content\/uploads\/2018\/04\/Pixels-from-Piliske-27-272x182.jpg 272w\" sizes=\"auto, (max-width: 775px) 100vw, 775px\" \/><\/div><\/div><div id=\"pgc-39-2-1\"  class=\"panel-grid-cell\" ><div id=\"panel-39-2-1-0\" class=\"so-panel widget widget_sow-editor panel-first-child panel-last-child\" data-index=\"3\" ><div\n\t\t\t\n\t\t\tclass=\"so-widget-sow-editor so-widget-sow-editor-base\"\n\t\t\t\n\t\t>\n<div class=\"siteorigin-widget-tinymce textwidget\">\n\t<h1>Pity\u00f3k\u00e1s h\u00e1zi keny\u00e9r -\u2028Nagy<\/h1>\n<p><strong>S\u00faly: 2kg<\/strong><br \/>\n<strong> \u00d6sszetev\u0151k: Feh\u00e9rliszt, v\u00edz, s\u00f3, \u00e9leszt\u0151, krumpli<\/strong><br \/>\n&nbsp;<\/p>\n<h2 class=\"home-link\"><a href=\"https:\/\/www.brutarialion.ro\/hu\/contact\/\">K\u00e9rjen aj\u00e1nlatot<\/a><\/h2>\n<\/div>\n<\/div><\/div><\/div><\/div><\/div><div id=\"pg-39-3\"  class=\"panel-grid panel-has-style\" ><div class=\"bordered panel-row-style panel-row-style-for-39-3\" ><div id=\"pgc-39-3-0\"  class=\"panel-grid-cell\" ><div id=\"panel-39-3-0-0\" class=\"so-panel widget widget_media_image panel-first-child panel-last-child\" data-index=\"4\" ><img loading=\"lazy\" decoding=\"async\" width=\"775\" height=\"517\" src=\"https:\/\/www.brutarialion.ro\/wp-content\/uploads\/2018\/04\/Pixels-from-Piliske-29-1024x683.jpg\" class=\"image wp-image-266  attachment-large size-large\" alt=\"\" style=\"max-width: 100%; height: auto;\" srcset=\"https:\/\/www.brutarialion.ro\/wp-content\/uploads\/2018\/04\/Pixels-from-Piliske-29-1024x683.jpg 1024w, https:\/\/www.brutarialion.ro\/wp-content\/uploads\/2018\/04\/Pixels-from-Piliske-29-350x233.jpg 350w, https:\/\/www.brutarialion.ro\/wp-content\/uploads\/2018\/04\/Pixels-from-Piliske-29-300x200.jpg 300w, https:\/\/www.brutarialion.ro\/wp-content\/uploads\/2018\/04\/Pixels-from-Piliske-29-768x512.jpg 768w, https:\/\/www.brutarialion.ro\/wp-content\/uploads\/2018\/04\/Pixels-from-Piliske-29-24x16.jpg 24w, https:\/\/www.brutarialion.ro\/wp-content\/uploads\/2018\/04\/Pixels-from-Piliske-29-36x24.jpg 36w, https:\/\/www.brutarialion.ro\/wp-content\/uploads\/2018\/04\/Pixels-from-Piliske-29-48x32.jpg 48w, https:\/\/www.brutarialion.ro\/wp-content\/uploads\/2018\/04\/Pixels-from-Piliske-29-272x182.jpg 272w\" sizes=\"auto, (max-width: 775px) 100vw, 775px\" \/><\/div><\/div><div id=\"pgc-39-3-1\"  class=\"panel-grid-cell\" ><div id=\"panel-39-3-1-0\" class=\"so-panel widget widget_sow-editor panel-first-child panel-last-child\" data-index=\"5\" ><div\n\t\t\t\n\t\t\tclass=\"so-widget-sow-editor so-widget-sow-editor-base\"\n\t\t\t\n\t\t>\n<div class=\"siteorigin-widget-tinymce textwidget\">\n\t<h1>Pity\u00f3k\u00e1s h\u00e1zi keny\u00e9r -\u2028Kicsi<\/h1>\n<p><strong>S\u00faly: 1kg<\/strong><br \/>\n<strong> \u00d6sszetev\u0151k: Feh\u00e9rliszt, v\u00edz, s\u00f3, \u00e9leszt\u0151, krumpli<\/strong><\/p>\n<p>&nbsp;<\/p>\n<h2 class=\"home-link\"><a href=\"https:\/\/www.brutarialion.ro\/hu\/contact\/\">K\u00e9rjen aj\u00e1nlatot<\/a><\/h2>\n<\/div>\n<\/div><\/div><\/div><\/div><\/div><div id=\"pg-39-4\"  class=\"panel-grid panel-has-style\" ><div class=\"bordered panel-row-style panel-row-style-for-39-4\" ><div id=\"pgc-39-4-0\"  class=\"panel-grid-cell\" ><div id=\"panel-39-4-0-0\" class=\"so-panel widget widget_media_image panel-first-child panel-last-child\" data-index=\"6\" ><img loading=\"lazy\" decoding=\"async\" width=\"2650\" height=\"1767\" src=\"https:\/\/www.brutarialion.ro\/wp-content\/uploads\/2018\/04\/Pixels-from-Piliske-30.jpg\" class=\"image wp-image-267  attachment-full size-full\" alt=\"\" style=\"max-width: 100%; height: auto;\" srcset=\"https:\/\/www.brutarialion.ro\/wp-content\/uploads\/2018\/04\/Pixels-from-Piliske-30.jpg 2650w, https:\/\/www.brutarialion.ro\/wp-content\/uploads\/2018\/04\/Pixels-from-Piliske-30-350x233.jpg 350w, https:\/\/www.brutarialion.ro\/wp-content\/uploads\/2018\/04\/Pixels-from-Piliske-30-300x200.jpg 300w, https:\/\/www.brutarialion.ro\/wp-content\/uploads\/2018\/04\/Pixels-from-Piliske-30-768x512.jpg 768w, https:\/\/www.brutarialion.ro\/wp-content\/uploads\/2018\/04\/Pixels-from-Piliske-30-1024x683.jpg 1024w, https:\/\/www.brutarialion.ro\/wp-content\/uploads\/2018\/04\/Pixels-from-Piliske-30-24x16.jpg 24w, https:\/\/www.brutarialion.ro\/wp-content\/uploads\/2018\/04\/Pixels-from-Piliske-30-36x24.jpg 36w, https:\/\/www.brutarialion.ro\/wp-content\/uploads\/2018\/04\/Pixels-from-Piliske-30-48x32.jpg 48w, https:\/\/www.brutarialion.ro\/wp-content\/uploads\/2018\/04\/Pixels-from-Piliske-30-272x182.jpg 272w\" sizes=\"auto, (max-width: 2650px) 100vw, 2650px\" \/><\/div><\/div><div id=\"pgc-39-4-1\"  class=\"panel-grid-cell\" ><div id=\"panel-39-4-1-0\" class=\"so-panel widget widget_sow-editor panel-first-child panel-last-child\" data-index=\"7\" ><div\n\t\t\t\n\t\t\tclass=\"so-widget-sow-editor so-widget-sow-editor-base\"\n\t\t\t\n\t\t>\n<div class=\"siteorigin-widget-tinymce textwidget\">\n\t<h1>Pity\u00f3k\u00e1s h\u00e1zi keny\u00e9r -\u2028Nagy (Szeletelt)<\/h1>\n<p><strong>S\u00faly: 2kg<\/strong><br \/>\n<strong> \u00d6sszetev\u0151k: Feh\u00e9rliszt, v\u00edz, s\u00f3, \u00e9leszt\u0151, krumpli<\/strong><\/p>\n<p>&nbsp;<\/p>\n<h2 class=\"home-link\"><a href=\"https:\/\/www.brutarialion.ro\/hu\/contact\/\">K\u00e9rjen aj\u00e1nlatot<\/a><\/h2>\n<\/div>\n<\/div><\/div><\/div><\/div><\/div><div id=\"pg-39-5\"  class=\"panel-grid panel-has-style\" ><div class=\"bordered panel-row-style panel-row-style-for-39-5\" ><div id=\"pgc-39-5-0\"  class=\"panel-grid-cell\" ><div id=\"panel-39-5-0-0\" class=\"so-panel widget widget_media_image panel-first-child panel-last-child\" data-index=\"8\" ><img loading=\"lazy\" decoding=\"async\" width=\"775\" height=\"517\" src=\"https:\/\/www.brutarialion.ro\/wp-content\/uploads\/2018\/04\/Pixels-from-Piliske-31-1024x683.jpg\" class=\"image wp-image-268  attachment-large size-large\" alt=\"\" style=\"max-width: 100%; height: auto;\" srcset=\"https:\/\/www.brutarialion.ro\/wp-content\/uploads\/2018\/04\/Pixels-from-Piliske-31-1024x683.jpg 1024w, https:\/\/www.brutarialion.ro\/wp-content\/uploads\/2018\/04\/Pixels-from-Piliske-31-350x233.jpg 350w, https:\/\/www.brutarialion.ro\/wp-content\/uploads\/2018\/04\/Pixels-from-Piliske-31-300x200.jpg 300w, https:\/\/www.brutarialion.ro\/wp-content\/uploads\/2018\/04\/Pixels-from-Piliske-31-768x512.jpg 768w, https:\/\/www.brutarialion.ro\/wp-content\/uploads\/2018\/04\/Pixels-from-Piliske-31-24x16.jpg 24w, https:\/\/www.brutarialion.ro\/wp-content\/uploads\/2018\/04\/Pixels-from-Piliske-31-36x24.jpg 36w, https:\/\/www.brutarialion.ro\/wp-content\/uploads\/2018\/04\/Pixels-from-Piliske-31-48x32.jpg 48w, https:\/\/www.brutarialion.ro\/wp-content\/uploads\/2018\/04\/Pixels-from-Piliske-31-272x182.jpg 272w\" sizes=\"auto, (max-width: 775px) 100vw, 775px\" \/><\/div><\/div><div id=\"pgc-39-5-1\"  class=\"panel-grid-cell\" ><div id=\"panel-39-5-1-0\" class=\"so-panel widget widget_sow-editor panel-first-child panel-last-child\" data-index=\"9\" ><div\n\t\t\t\n\t\t\tclass=\"so-widget-sow-editor so-widget-sow-editor-base\"\n\t\t\t\n\t\t>\n<div class=\"siteorigin-widget-tinymce textwidget\">\n\t<h1>Pity\u00f3k\u00e1s h\u00e1zi keny\u00e9r -\u2028Kicsi (Szeletelt)<\/h1>\n<p><strong>S\u00faly: 1kg<\/strong><br \/>\n<strong> \u00d6sszetev\u0151k: Feh\u00e9rliszt, v\u00edz, s\u00f3, \u00e9leszt\u0151, krumpli<\/strong><br \/>\n&nbsp;<\/p>\n<h2 class=\"home-link\"><a href=\"https:\/\/www.brutarialion.ro\/hu\/contact\/\">K\u00e9rjen aj\u00e1nlatot<\/a><\/h2>\n<\/div>\n<\/div><\/div><\/div><\/div><\/div><div id=\"pg-39-6\"  class=\"panel-grid panel-has-style\" ><div class=\"bordered panel-row-style panel-row-style-for-39-6\" ><div id=\"pgc-39-6-0\"  class=\"panel-grid-cell\" ><div id=\"panel-39-6-0-0\" class=\"so-panel widget widget_media_image panel-first-child panel-last-child\" data-index=\"10\" ><img loading=\"lazy\" decoding=\"async\" width=\"2633\" height=\"1756\" src=\"https:\/\/www.brutarialion.ro\/wp-content\/uploads\/2018\/04\/Pixels-from-Piliske-4.jpg\" class=\"image wp-image-269  attachment-full size-full\" alt=\"\" style=\"max-width: 100%; height: auto;\" srcset=\"https:\/\/www.brutarialion.ro\/wp-content\/uploads\/2018\/04\/Pixels-from-Piliske-4.jpg 2633w, https:\/\/www.brutarialion.ro\/wp-content\/uploads\/2018\/04\/Pixels-from-Piliske-4-350x233.jpg 350w, https:\/\/www.brutarialion.ro\/wp-content\/uploads\/2018\/04\/Pixels-from-Piliske-4-300x200.jpg 300w, https:\/\/www.brutarialion.ro\/wp-content\/uploads\/2018\/04\/Pixels-from-Piliske-4-768x512.jpg 768w, https:\/\/www.brutarialion.ro\/wp-content\/uploads\/2018\/04\/Pixels-from-Piliske-4-1024x683.jpg 1024w, https:\/\/www.brutarialion.ro\/wp-content\/uploads\/2018\/04\/Pixels-from-Piliske-4-24x16.jpg 24w, https:\/\/www.brutarialion.ro\/wp-content\/uploads\/2018\/04\/Pixels-from-Piliske-4-36x24.jpg 36w, https:\/\/www.brutarialion.ro\/wp-content\/uploads\/2018\/04\/Pixels-from-Piliske-4-48x32.jpg 48w, https:\/\/www.brutarialion.ro\/wp-content\/uploads\/2018\/04\/Pixels-from-Piliske-4-272x182.jpg 272w\" sizes=\"auto, (max-width: 2633px) 100vw, 2633px\" \/><\/div><\/div><div id=\"pgc-39-6-1\"  class=\"panel-grid-cell\" ><div id=\"panel-39-6-1-0\" class=\"so-panel widget widget_sow-editor panel-first-child panel-last-child\" data-index=\"11\" ><div\n\t\t\t\n\t\t\tclass=\"so-widget-sow-editor so-widget-sow-editor-base\"\n\t\t\t\n\t\t>\n<div class=\"siteorigin-widget-tinymce textwidget\">\n\t<h1>H\u00e1zi Franzela -\u2028Kicsi<\/h1>\n<p><strong>S\u00faly: 1kg<\/strong><br \/>\n<strong> \u00d6sszetev\u0151k: Feh\u00e9rliszt, v\u00edz, s\u00f3, \u00e9leszt\u0151, krumpli<\/strong><br \/>\n&nbsp;<\/p>\n<h2 class=\"home-link\"><a href=\"https:\/\/www.brutarialion.ro\/hu\/contact\/\">K\u00e9rjen aj\u00e1nlatot<\/a><\/h2>\n<\/div>\n<\/div><\/div><\/div><\/div><\/div><div id=\"pg-39-7\"  class=\"panel-grid panel-no-style\" ><div id=\"pgc-39-7-0\"  class=\"panel-grid-cell\" ><div id=\"panel-39-7-0-0\" class=\"so-panel widget widget_text panel-first-child panel-last-child\" data-index=\"12\" ><div class=\"panel-widget-style panel-widget-style-for-39-7-0-0\" >\t\t\t<div class=\"textwidget\"><h2><strong>\u00daj !!! Feh\u00e9r kenyereink:<\/strong><strong>:<\/strong><\/h2>\n<\/div>\n\t\t<\/div><\/div><\/div><\/div><div id=\"pg-39-8\"  class=\"panel-grid panel-has-style\" ><div class=\"bordered panel-row-style panel-row-style-for-39-8\" ><div id=\"pgc-39-8-0\"  class=\"panel-grid-cell\" ><div id=\"panel-39-8-0-0\" class=\"so-panel widget widget_media_image panel-first-child panel-last-child\" data-index=\"13\" ><img loading=\"lazy\" decoding=\"async\" width=\"2078\" height=\"1385\" src=\"https:\/\/www.brutarialion.ro\/wp-content\/uploads\/2019\/08\/franzela.jpg\" class=\"image wp-image-568  attachment-full size-full\" alt=\"\" style=\"max-width: 100%; height: auto;\" srcset=\"https:\/\/www.brutarialion.ro\/wp-content\/uploads\/2019\/08\/franzela.jpg 2078w, https:\/\/www.brutarialion.ro\/wp-content\/uploads\/2019\/08\/franzela-300x200.jpg 300w, https:\/\/www.brutarialion.ro\/wp-content\/uploads\/2019\/08\/franzela-768x512.jpg 768w, https:\/\/www.brutarialion.ro\/wp-content\/uploads\/2019\/08\/franzela-1024x683.jpg 1024w, https:\/\/www.brutarialion.ro\/wp-content\/uploads\/2019\/08\/franzela-24x16.jpg 24w, https:\/\/www.brutarialion.ro\/wp-content\/uploads\/2019\/08\/franzela-36x24.jpg 36w, https:\/\/www.brutarialion.ro\/wp-content\/uploads\/2019\/08\/franzela-48x32.jpg 48w, https:\/\/www.brutarialion.ro\/wp-content\/uploads\/2019\/08\/franzela-272x182.jpg 272w\" sizes=\"auto, (max-width: 2078px) 100vw, 2078px\" \/><\/div><\/div><div id=\"pgc-39-8-1\"  class=\"panel-grid-cell\" ><div id=\"panel-39-8-1-0\" class=\"so-panel widget widget_sow-editor panel-first-child panel-last-child\" data-index=\"14\" ><div\n\t\t\t\n\t\t\tclass=\"so-widget-sow-editor so-widget-sow-editor-base\"\n\t\t\t\n\t\t>\n<div class=\"siteorigin-widget-tinymce textwidget\">\n\t<h1>Feh\u00e9r Vekni<\/h1>\n<p><strong>S\u00faly: 600g<\/strong><br \/>\n<strong> \u00d6sszetev\u0151k: Feh\u00e9rliszt, v\u00edz, s\u00f3, \u00e9leszt\u0151<\/strong><br \/>\n&nbsp;<\/p>\n<h2 class=\"home-link\"><a href=\"https:\/\/www.brutarialion.ro\/hu\/contact\/\">K\u00e9rjen aj\u00e1nlatot<\/a><\/h2>\n<\/div>\n<\/div><\/div><\/div><\/div><\/div><div id=\"pg-39-9\"  class=\"panel-grid panel-has-style\" ><div class=\"bordered panel-row-style panel-row-style-for-39-9\" ><div id=\"pgc-39-9-0\"  class=\"panel-grid-cell\" ><div id=\"panel-39-9-0-0\" class=\"so-panel widget widget_media_image panel-first-child panel-last-child\" data-index=\"15\" ><img loading=\"lazy\" decoding=\"async\" width=\"2077\" height=\"1385\" src=\"https:\/\/www.brutarialion.ro\/wp-content\/uploads\/2019\/08\/feher.jpg\" class=\"image wp-image-567  attachment-full size-full\" alt=\"\" style=\"max-width: 100%; height: auto;\" srcset=\"https:\/\/www.brutarialion.ro\/wp-content\/uploads\/2019\/08\/feher.jpg 2077w, https:\/\/www.brutarialion.ro\/wp-content\/uploads\/2019\/08\/feher-300x200.jpg 300w, https:\/\/www.brutarialion.ro\/wp-content\/uploads\/2019\/08\/feher-768x512.jpg 768w, https:\/\/www.brutarialion.ro\/wp-content\/uploads\/2019\/08\/feher-1024x683.jpg 1024w, https:\/\/www.brutarialion.ro\/wp-content\/uploads\/2019\/08\/feher-24x16.jpg 24w, https:\/\/www.brutarialion.ro\/wp-content\/uploads\/2019\/08\/feher-36x24.jpg 36w, https:\/\/www.brutarialion.ro\/wp-content\/uploads\/2019\/08\/feher-48x32.jpg 48w, https:\/\/www.brutarialion.ro\/wp-content\/uploads\/2019\/08\/feher-272x182.jpg 272w\" sizes=\"auto, (max-width: 2077px) 100vw, 2077px\" \/><\/div><\/div><div id=\"pgc-39-9-1\"  class=\"panel-grid-cell\" ><div id=\"panel-39-9-1-0\" class=\"so-panel widget widget_sow-editor panel-first-child panel-last-child\" data-index=\"16\" ><div\n\t\t\t\n\t\t\tclass=\"so-widget-sow-editor so-widget-sow-editor-base\"\n\t\t\t\n\t\t>\n<div class=\"siteorigin-widget-tinymce textwidget\">\n\t<h1>Feh\u00e9r Keny\u00e9r<\/h1>\n<p><strong>S\u00faly: 1kg<\/strong><br \/>\n<strong> \u00d6sszetev\u0151k: Feh\u00e9rliszt, v\u00edz, s\u00f3, \u00e9leszt\u0151<\/strong><br \/>\n&nbsp;<\/p>\n<h2 class=\"home-link\"><a href=\"https:\/\/www.brutarialion.ro\/hu\/contact\/\">K\u00e9rjen aj\u00e1nlatot<\/a><\/h2>\n<\/div>\n<\/div><\/div><\/div><\/div><\/div><\/div>","protected":false},"excerpt":{"rendered":"<p>Produsele noastre sunt pr\u0103jite \u00een cuptor tradi\u021bional av\u00e2nd \u00een vedere re\u021beta casei: P\u00e2ine de cas\u0103 cu cartofi:<\/p>","protected":false},"author":1,"featured_media":0,"parent":0,"menu_order":0,"comment_status":"closed","ping_status":"closed","template":"page-templates\/template-grid.php","meta":{"footnotes":""},"class_list":["post-39","page","type-page","status-publish","hentry","pique-template-grid"],"jetpack_sharing_enabled":true,"_links":{"self":[{"href":"https:\/\/www.brutarialion.ro\/hu\/wp-json\/wp\/v2\/pages\/39","targetHints":{"allow":["GET"]}}],"collection":[{"href":"https:\/\/www.brutarialion.ro\/hu\/wp-json\/wp\/v2\/pages"}],"about":[{"href":"https:\/\/www.brutarialion.ro\/hu\/wp-json\/wp\/v2\/types\/page"}],"author":[{"embeddable":true,"href":"https:\/\/www.brutarialion.ro\/hu\/wp-json\/wp\/v2\/users\/1"}],"replies":[{"embeddable":true,"href":"https:\/\/www.brutarialion.ro\/hu\/wp-json\/wp\/v2\/comments?post=39"}],"version-history":[{"count":5,"href":"https:\/\/www.brutarialion.ro\/hu\/wp-json\/wp\/v2\/pages\/39\/revisions"}],"predecessor-version":[{"id":776,"href":"https:\/\/www.brutarialion.ro\/hu\/wp-json\/wp\/v2\/pages\/39\/revisions\/776"}],"wp:attachment":[{"href":"https:\/\/www.brutarialion.ro\/hu\/wp-json\/wp\/v2\/media?parent=39"}],"curies":[{"name":"wp","href":"https:\/\/api.w.org\/{rel}","templated":true}]}}