{"id":38,"date":"2018-03-08T17:23:24","date_gmt":"2018-03-08T17:23:24","guid":{"rendered":"http:\/\/www.testwp.local\/?page_id=38"},"modified":"2018-11-30T14:59:04","modified_gmt":"2018-11-30T12:59:04","slug":"despre","status":"publish","type":"page","link":"https:\/\/www.brutarialion.ro\/hu\/despre\/","title":{"rendered":"R\u00f3lunk"},"content":{"rendered":"<p><code class=\"rl-shortcode\"><div class=\"rl-gallery-container rl-loading\" id=\"rl-gallery-container-1\" data-gallery_id=\"385\"> <div class=\"rl-gallery rl-basicmasonry-gallery rl-hover-effect-3 rl-hover-icon-10\" id=\"rl-gallery-1\" data-gallery_no=\"1\"> <div class=\"rl-gutter-sizer\"><\/div><div class=\"rl-grid-sizer\"><\/div> <div class=\"rl-gallery-item rl-gallery-item-width-4\" > <div class=\"rl-gallery-item-content\"> <a href=\"https:\/\/www.brutarialion.ro\/wp-content\/uploads\/2018\/04\/logo.png\" title=\"\" data-rl_title=\"\" class=\"rl-gallery-link\" data-rl_caption=\"\" data-rel=\"lightbox-gallery-1\"><img loading=\"lazy\" decoding=\"async\" src=\"https:\/\/www.brutarialion.ro\/wp-content\/uploads\/2018\/04\/logo.png\" width=\"640\" height=\"480\" alt=\"\"\/><\/a> <\/div> <\/div> <div class=\"rl-gallery-item\" > <div class=\"rl-gallery-item-content\"> <a href=\"https:\/\/www.brutarialion.ro\/wp-content\/uploads\/2018\/04\/Pixels-from-Piliske-32.jpg\" title=\"\" data-rl_title=\"\" class=\"rl-gallery-link\" data-rl_caption=\"\" data-rel=\"lightbox-gallery-1\"><img loading=\"lazy\" decoding=\"async\" src=\"https:\/\/www.brutarialion.ro\/wp-content\/uploads\/2018\/04\/Pixels-from-Piliske-32-768x512.jpg\" width=\"768\" height=\"512\" alt=\"\"\/><\/a> <\/div> <\/div> <div class=\"rl-gallery-item\" > <div class=\"rl-gallery-item-content\"> <a href=\"https:\/\/www.brutarialion.ro\/wp-content\/uploads\/2018\/04\/Pixels-from-Piliske-b-w-11-e1523799369414.jpg\" title=\"\" data-rl_title=\"\" class=\"rl-gallery-link\" data-rl_caption=\"\" data-rel=\"lightbox-gallery-1\"><img loading=\"lazy\" decoding=\"async\" src=\"https:\/\/www.brutarialion.ro\/wp-content\/uploads\/2018\/04\/Pixels-from-Piliske-b-w-11-e1523799369414-768x301.jpg\" width=\"768\" height=\"301\" alt=\"\"\/><\/a> <\/div> <\/div> <div class=\"rl-gallery-item\" > <div class=\"rl-gallery-item-content\"> <a href=\"https:\/\/www.brutarialion.ro\/wp-content\/uploads\/2018\/04\/Pixels-from-Piliske-42.jpg\" title=\"\" data-rl_title=\"\" class=\"rl-gallery-link\" data-rl_caption=\"\" data-rel=\"lightbox-gallery-1\"><img loading=\"lazy\" decoding=\"async\" src=\"https:\/\/www.brutarialion.ro\/wp-content\/uploads\/2018\/04\/Pixels-from-Piliske-42-768x512.jpg\" width=\"768\" height=\"512\" alt=\"\"\/><\/a> <\/div> <\/div> <div class=\"rl-gallery-item\" > <div class=\"rl-gallery-item-content\"> <a href=\"https:\/\/www.brutarialion.ro\/wp-content\/uploads\/2018\/04\/Pixels-from-Piliske-20.jpg\" title=\"\" data-rl_title=\"\" class=\"rl-gallery-link\" data-rl_caption=\"\" data-rel=\"lightbox-gallery-1\"><img loading=\"lazy\" decoding=\"async\" src=\"https:\/\/www.brutarialion.ro\/wp-content\/uploads\/2018\/04\/Pixels-from-Piliske-20-768x512.jpg\" width=\"768\" height=\"512\" alt=\"\"\/><\/a> <\/div> <\/div> <div class=\"rl-gallery-item\" > <div class=\"rl-gallery-item-content\"> <a href=\"https:\/\/www.brutarialion.ro\/wp-content\/uploads\/2018\/04\/Pixels-from-Piliske-b-w-39-1-e1557240211112.jpg\" title=\"\" data-rl_title=\"\" class=\"rl-gallery-link\" data-rl_caption=\"\" data-rel=\"lightbox-gallery-1\"><img loading=\"lazy\" decoding=\"async\" src=\"https:\/\/www.brutarialion.ro\/wp-content\/uploads\/2018\/04\/Pixels-from-Piliske-b-w-39-1-e1557240211112-768x436.jpg\" width=\"768\" height=\"436\" alt=\"\"\/><\/a> <\/div> <\/div> <div class=\"rl-gallery-item\" > <div class=\"rl-gallery-item-content\"> <a href=\"https:\/\/www.brutarialion.ro\/wp-content\/uploads\/2018\/04\/Pixels-from-Piliske-b-w-9.jpg\" title=\"\" data-rl_title=\"\" class=\"rl-gallery-link\" data-rl_caption=\"\" data-rel=\"lightbox-gallery-1\"><img loading=\"lazy\" decoding=\"async\" src=\"https:\/\/www.brutarialion.ro\/wp-content\/uploads\/2018\/04\/Pixels-from-Piliske-b-w-9-768x512.jpg\" width=\"768\" height=\"512\" alt=\"\"\/><\/a> <\/div> <\/div> <div class=\"rl-gallery-item\" > <div class=\"rl-gallery-item-content\"> <a href=\"https:\/\/www.brutarialion.ro\/wp-content\/uploads\/2018\/04\/Pixels-from-Piliske-4.jpg\" title=\"\" data-rl_title=\"\" class=\"rl-gallery-link\" data-rl_caption=\"\" data-rel=\"lightbox-gallery-1\"><img loading=\"lazy\" decoding=\"async\" src=\"https:\/\/www.brutarialion.ro\/wp-content\/uploads\/2018\/04\/Pixels-from-Piliske-4-768x512.jpg\" width=\"768\" height=\"512\" alt=\"\"\/><\/a> <\/div> <\/div> <div class=\"rl-gallery-item\" > <div class=\"rl-gallery-item-content\"> <a href=\"https:\/\/www.brutarialion.ro\/wp-content\/uploads\/2018\/04\/Pixels-from-Piliske-31.jpg\" title=\"\" data-rl_title=\"\" class=\"rl-gallery-link\" data-rl_caption=\"\" data-rel=\"lightbox-gallery-1\"><img loading=\"lazy\" decoding=\"async\" src=\"https:\/\/www.brutarialion.ro\/wp-content\/uploads\/2018\/04\/Pixels-from-Piliske-31-768x512.jpg\" width=\"768\" height=\"512\" alt=\"\"\/><\/a> <\/div> <\/div> <div class=\"rl-gallery-item\" > <div class=\"rl-gallery-item-content\"> <a href=\"https:\/\/www.brutarialion.ro\/wp-content\/uploads\/2018\/04\/Pixels-from-Piliske-30.jpg\" title=\"\" data-rl_title=\"\" class=\"rl-gallery-link\" data-rl_caption=\"\" data-rel=\"lightbox-gallery-1\"><img loading=\"lazy\" decoding=\"async\" src=\"https:\/\/www.brutarialion.ro\/wp-content\/uploads\/2018\/04\/Pixels-from-Piliske-30-768x512.jpg\" width=\"768\" height=\"512\" alt=\"\"\/><\/a> <\/div> <\/div> <div class=\"rl-gallery-item\" > <div class=\"rl-gallery-item-content\"> <a href=\"https:\/\/www.brutarialion.ro\/wp-content\/uploads\/2018\/04\/Pixels-from-Piliske-29.jpg\" title=\"\" data-rl_title=\"\" class=\"rl-gallery-link\" data-rl_caption=\"\" data-rel=\"lightbox-gallery-1\"><img loading=\"lazy\" decoding=\"async\" src=\"https:\/\/www.brutarialion.ro\/wp-content\/uploads\/2018\/04\/Pixels-from-Piliske-29-768x512.jpg\" width=\"768\" height=\"512\" alt=\"\"\/><\/a> <\/div> <\/div> <div class=\"rl-gallery-item\" > <div class=\"rl-gallery-item-content\"> <a href=\"https:\/\/www.brutarialion.ro\/wp-content\/uploads\/2018\/04\/Pixels-from-Piliske-27.jpg\" title=\"\" data-rl_title=\"\" class=\"rl-gallery-link\" data-rl_caption=\"\" data-rel=\"lightbox-gallery-1\"><img loading=\"lazy\" decoding=\"async\" src=\"https:\/\/www.brutarialion.ro\/wp-content\/uploads\/2018\/04\/Pixels-from-Piliske-27-768x512.jpg\" width=\"768\" height=\"512\" alt=\"\"\/><\/a> <\/div> <\/div> <\/div> <\/div><\/code><\/p>\n<p style=\"text-align: center;\">Pictures by: <a href=\"http:\/\/www.pixelsfrompiliske.com\/\">Pixels from Piliske<\/a><\/p>\n<div class=\"about-holder\">\n<h2><strong>A P\u00c9KS\u00c9G\u00dcNK<\/strong><\/h2>\n<p>Az aktivit\u00e1sunkat 1997-ben kezdt\u00fck el a falu (Tam\u00e1sfalva, Kov\u00e1szna mellett) Mez\u0151gazdas\u00e1gi termel\u0151sz\u00f6vetkezet p\u00e9ks\u00e9g\u00e9ben, a falubeliek\u00a0 hagyom\u00e1nyos receptj\u00e9vel ami az \u00f6t alap \u00f6sszetev\u0151n k\u00edv\u00fcl semmi m\u00e1st nem tartalmaz: liszt, krumpli, v\u00edz, \u00e9leszt\u0151 \u00e9s s\u00f3.<\/p>\n<h2><strong>MI\u00c9RT V\u00c1LASSZON MINKET?<\/strong><\/h2>\n<p>A keny\u00e9r igazi \u00edze a hossz\u00fa lefut\u00e1s\u00fa technol\u00f3gi\u00e1nak \u00e9s a kemence f\u00e1val val\u00f3 hev\u00edt\u00e9s\u00e9nek k\u00f6sz\u00f6nhet\u0151. Egy j\u00f3 keny\u00e9rhez els\u0151sorban t\u00fcrelem, id\u0151 \u00e9s odaad\u00e1s sz\u00fcks\u00e9ges. Jelenleg k\u00e9t f\u00e1s kemenc\u00e9vel dolgozunk, viszont ami nek\u00fcnk els\u0151dleges, az a min\u0151s\u00e9g, nem pedig a mennyis\u00e9g.\n<\/p><\/div>","protected":false},"excerpt":{"rendered":"<p>Pictures by: Pixels from Piliske Brut\u0103ria noastr\u0103 Am \u00eenceput activitatea \u00een anul 1997 \u00een brut\u0103ria fostului C.A.P. din sat (Tamasfal\u0103u, l\u00e2ng\u0103 Covasna), cu re\u021beta tradi\u021bional\u0103 a mamei&hellip; <span class=\"read-more\"><a class=\"more-link\" href=\"https:\/\/www.brutarialion.ro\/hu\/despre\/\" rel=\"bookmark\">Read more <span class=\"screen-reader-text\">&#8222;Despre&#8221;<\/span><\/a><\/span><\/p>","protected":false},"author":1,"featured_media":0,"parent":0,"menu_order":0,"comment_status":"closed","ping_status":"closed","template":"","meta":{"footnotes":""},"class_list":["post-38","page","type-page","status-publish","hentry"],"jetpack_sharing_enabled":true,"_links":{"self":[{"href":"https:\/\/www.brutarialion.ro\/hu\/wp-json\/wp\/v2\/pages\/38","targetHints":{"allow":["GET"]}}],"collection":[{"href":"https:\/\/www.brutarialion.ro\/hu\/wp-json\/wp\/v2\/pages"}],"about":[{"href":"https:\/\/www.brutarialion.ro\/hu\/wp-json\/wp\/v2\/types\/page"}],"author":[{"embeddable":true,"href":"https:\/\/www.brutarialion.ro\/hu\/wp-json\/wp\/v2\/users\/1"}],"replies":[{"embeddable":true,"href":"https:\/\/www.brutarialion.ro\/hu\/wp-json\/wp\/v2\/comments?post=38"}],"version-history":[{"count":0,"href":"https:\/\/www.brutarialion.ro\/hu\/wp-json\/wp\/v2\/pages\/38\/revisions"}],"wp:attachment":[{"href":"https:\/\/www.brutarialion.ro\/hu\/wp-json\/wp\/v2\/media?parent=38"}],"curies":[{"name":"wp","href":"https:\/\/api.w.org\/{rel}","templated":true}]}}